{"id":6466,"date":"2025-10-07T07:42:43","date_gmt":"2025-10-07T07:42:43","guid":{"rendered":"https:\/\/thwellem.cdmn-data.de\/imprint\/"},"modified":"2026-01-08T12:12:49","modified_gmt":"2026-01-08T12:12:49","slug":"imprint","status":"publish","type":"page","link":"https:\/\/thwellem.cdmn-data.de\/en\/imprint\/","title":{"rendered":"Imprint"},"content":{"rendered":"\t\t<div data-elementor-type=\"wp-page\" data-elementor-id=\"6466\" class=\"elementor elementor-6466 elementor-4229\" data-elementor-post-type=\"page\">\n\t\t\t\t<div class=\"elementor-element elementor-element-3188f82 e-flex e-con-boxed e-con e-parent\" data-id=\"3188f82\" data-element_type=\"container\" data-e-type=\"container\">\n\t\t\t\t\t<div class=\"e-con-inner\">\n\t\t\t\t<div class=\"elementor-element elementor-element-e4fe167 elementor-widget elementor-widget-spacer\" data-id=\"e4fe167\" data-element_type=\"widget\" data-e-type=\"widget\" data-widget_type=\"spacer.default\">\n\t\t\t\t<div class=\"elementor-widget-container\">\n\t\t\t\t\t\t\t<div class=\"elementor-spacer\">\n\t\t\t<div class=\"elementor-spacer-inner\"><\/div>\n\t\t<\/div>\n\t\t\t\t\t\t<\/div>\n\t\t\t\t<\/div>\n\t\t\t\t<div class=\"elementor-element elementor-element-781cdd5 elementor-widget elementor-widget-heading\" data-id=\"781cdd5\" data-element_type=\"widget\" data-e-type=\"widget\" data-widget_type=\"heading.default\">\n\t\t\t\t<div class=\"elementor-widget-container\">\n\t\t\t\t\t<h1 class=\"elementor-heading-title elementor-size-default\">Imprint<\/h1>\t\t\t\t<\/div>\n\t\t\t\t<\/div>\n\t\t\t\t<div class=\"elementor-element elementor-element-bd44a6d elementor-widget elementor-widget-text-editor\" data-id=\"bd44a6d\" data-element_type=\"widget\" data-e-type=\"widget\" data-widget_type=\"text-editor.default\">\n\t\t\t\t<div class=\"elementor-widget-container\">\n\t\t\t\t\t\t\t\t\t<p>FRANKONIA Hospitality GmbH<\/p><p class=\"adsimple-323064710\">M\u00fchlenstra\u00dfe 34, <br>40213 D\u00fcsseldorf, <br>Germany<\/p><p><strong>Tel.:<\/strong> +49 211 547650622<\/p><p><strong>E-Mail: <\/strong><a href=\"mailto:info@thwellem.cdmn-data.de\">info@thwellem.cdmn-data.de<\/a><\/p><div style=\"display: none;\"> <\/div><p><b>Krefeld Local Court<\/b><br><strong>Register number:<\/strong> HRB 11993<\/p><p><strong>USt-IdNr.:<\/strong> DE 261572862<\/p><div style=\"display: none;\"> <\/div><p><strong>Managing Director:<\/strong> Dipl.-Ing. Uwe Schmitz<\/p><div style=\"display: none;\"> <\/div><div style=\"display: none;\"> <\/div><div style=\"display: none;\"> <\/div><div style=\"display: none;\"> <\/div><div style=\"display: none;\"> <\/div><div style=\"display: none;\"> <\/div><div style=\"display: none;\"> <\/div><div style=\"display: none;\"> <\/div><h2 id=\"universalschlichtungsstelle\" class=\"adsimple-323064710 fusion-responsive-typography-calculated\" style=\"--fontsize: 24; line-height: 1.5; --minfontsize: 24;\" data-fontsize=\"24\" data-lineheight=\"36px\">Universal arbitration board<\/h2><p class=\"adsimple-323064710\">We participate in dispute resolution proceedings before a consumer arbitration board. The competent body is the Universalschlichtungsstelle des Bundes, Zentrums f\u00fcr Schlichtung e.V., located at Stra\u00dfburger Stra\u00dfe 8, 77694 Kehl am Rhein<a class=\"adsimple-323064710\" href=\"https:\/\/www.verbraucher-schlichter.de\/\" target=\"_blank\" rel=\"follow noopener\">(https:\/\/www.verbraucher-schlichter.de)<\/a>. <\/p><p>All texts are protected by copyright.<\/p>\t\t\t\t\t\t\t\t<\/div>\n\t\t\t\t<\/div>\n\t\t\t\t<div class=\"elementor-element elementor-element-9690c7a elementor-widget elementor-widget-spacer\" data-id=\"9690c7a\" data-element_type=\"widget\" data-e-type=\"widget\" data-widget_type=\"spacer.default\">\n\t\t\t\t<div class=\"elementor-widget-container\">\n\t\t\t\t\t\t\t<div class=\"elementor-spacer\">\n\t\t\t<div class=\"elementor-spacer-inner\"><\/div>\n\t\t<\/div>\n\t\t\t\t\t\t<\/div>\n\t\t\t\t<\/div>\n\t\t\t\t\t<\/div>\n\t\t\t\t<\/div>\n\t\t\t\t<\/div>\n\t\t","protected":false},"excerpt":{"rendered":"<p>Imprint FRANKONIA Hospitality GmbH M\u00fchlenstra\u00dfe 34, 40213 D\u00fcsseldorf, Germany Tel.: +49 211 547650622 E-Mail: info@thwellem.cdmn-data.de Krefeld Local CourtRegister number: HRB 11993 USt-IdNr.: DE 261572862 Managing Director: Dipl.-Ing. Uwe Schmitz Universal [&hellip;]<\/p>\n","protected":false},"author":1,"featured_media":0,"parent":0,"menu_order":0,"comment_status":"closed","ping_status":"closed","template":"elementor_header_footer","meta":{"footnotes":""},"class_list":["post-6466","page","type-page","status-publish","hentry"],"yoast_head":"<!-- This site is optimized with the Yoast SEO plugin v26.9 - https:\/\/yoast.com\/product\/yoast-seo-wordpress\/ -->\n<title>Imprint - The Wellem<\/title>\n<meta name=\"robots\" content=\"index, follow, max-snippet:-1, max-image-preview:large, max-video-preview:-1\" \/>\n<link rel=\"canonical\" href=\"https:\/\/thwellem.cdmn-data.de\/en\/imprint\/\" \/>\n<script type=\"application\/ld+json\" class=\"yoast-schema-graph\">{\"@context\":\"https:\/\/schema.org\",\"@graph\":[{\"@type\":\"WebPage\",\"@id\":\"https:\/\/thwellem.cdmn-data.de\/en\/imprint\/\",\"url\":\"https:\/\/thwellem.cdmn-data.de\/en\/imprint\/\",\"name\":\"Imprint - The Wellem\",\"isPartOf\":{\"@id\":\"https:\/\/thwellem.cdmn-data.de\/en\/#website\"},\"datePublished\":\"2025-10-07T07:42:43+00:00\",\"dateModified\":\"2026-01-08T12:12:49+00:00\",\"breadcrumb\":{\"@id\":\"https:\/\/thwellem.cdmn-data.de\/en\/imprint\/#breadcrumb\"},\"inLanguage\":\"en-US\",\"potentialAction\":[{\"@type\":\"ReadAction\",\"target\":[\"https:\/\/thwellem.cdmn-data.de\/en\/imprint\/\"]}]},{\"@type\":\"BreadcrumbList\",\"@id\":\"https:\/\/thwellem.cdmn-data.de\/en\/imprint\/#breadcrumb\",\"itemListElement\":[{\"@type\":\"ListItem\",\"position\":1,\"name\":\"Startseite\",\"item\":\"https:\/\/thwellem.cdmn-data.de\/en\/home\/\"},{\"@type\":\"ListItem\",\"position\":2,\"name\":\"Imprint\"}]},{\"@type\":\"WebSite\",\"@id\":\"https:\/\/thwellem.cdmn-data.de\/en\/#website\",\"url\":\"https:\/\/thwellem.cdmn-data.de\/en\/\",\"name\":\"The Wellem Hotel D\u00fcsseldorf\",\"description\":\"Luxushotel D\u00fcsseldorf\",\"publisher\":{\"@id\":\"https:\/\/thwellem.cdmn-data.de\/en\/#organization\"},\"potentialAction\":[{\"@type\":\"SearchAction\",\"target\":{\"@type\":\"EntryPoint\",\"urlTemplate\":\"https:\/\/thwellem.cdmn-data.de\/en\/?s={search_term_string}\"},\"query-input\":{\"@type\":\"PropertyValueSpecification\",\"valueRequired\":true,\"valueName\":\"search_term_string\"}}],\"inLanguage\":\"en-US\"},{\"@type\":\"Organization\",\"@id\":\"https:\/\/thwellem.cdmn-data.de\/en\/#organization\",\"name\":\"The Wellem\",\"url\":\"https:\/\/thwellem.cdmn-data.de\/en\/\",\"logo\":{\"@type\":\"ImageObject\",\"inLanguage\":\"en-US\",\"@id\":\"https:\/\/thwellem.cdmn-data.de\/en\/#\/schema\/logo\/image\/\",\"url\":\"https:\/\/thwellem.cdmn-data.de\/wp-content\/uploads\/2025\/04\/the-wellem-logo-blau.svg\",\"contentUrl\":\"https:\/\/thwellem.cdmn-data.de\/wp-content\/uploads\/2025\/04\/the-wellem-logo-blau.svg\",\"width\":195,\"height\":62,\"caption\":\"The Wellem\"},\"image\":{\"@id\":\"https:\/\/thwellem.cdmn-data.de\/en\/#\/schema\/logo\/image\/\"},\"sameAs\":[\"https:\/\/www.facebook.com\/thewellemdusseldorf\/\",\"https:\/\/www.instagram.com\/thewellem\/#\",\"https:\/\/www.linkedin.com\/company\/the-wellem-duesseldorf\/\"]}]}<\/script>\n<!-- \/ Yoast SEO plugin. -->","yoast_head_json":{"title":"Imprint - The Wellem","robots":{"index":"index","follow":"follow","max-snippet":"max-snippet:-1","max-image-preview":"max-image-preview:large","max-video-preview":"max-video-preview:-1"},"canonical":"https:\/\/thwellem.cdmn-data.de\/en\/imprint\/","schema":{"@context":"https:\/\/schema.org","@graph":[{"@type":"WebPage","@id":"https:\/\/thwellem.cdmn-data.de\/en\/imprint\/","url":"https:\/\/thwellem.cdmn-data.de\/en\/imprint\/","name":"Imprint - The Wellem","isPartOf":{"@id":"https:\/\/thwellem.cdmn-data.de\/en\/#website"},"datePublished":"2025-10-07T07:42:43+00:00","dateModified":"2026-01-08T12:12:49+00:00","breadcrumb":{"@id":"https:\/\/thwellem.cdmn-data.de\/en\/imprint\/#breadcrumb"},"inLanguage":"en-US","potentialAction":[{"@type":"ReadAction","target":["https:\/\/thwellem.cdmn-data.de\/en\/imprint\/"]}]},{"@type":"BreadcrumbList","@id":"https:\/\/thwellem.cdmn-data.de\/en\/imprint\/#breadcrumb","itemListElement":[{"@type":"ListItem","position":1,"name":"Startseite","item":"https:\/\/thwellem.cdmn-data.de\/en\/home\/"},{"@type":"ListItem","position":2,"name":"Imprint"}]},{"@type":"WebSite","@id":"https:\/\/thwellem.cdmn-data.de\/en\/#website","url":"https:\/\/thwellem.cdmn-data.de\/en\/","name":"The Wellem Hotel D\u00fcsseldorf","description":"Luxushotel D\u00fcsseldorf","publisher":{"@id":"https:\/\/thwellem.cdmn-data.de\/en\/#organization"},"potentialAction":[{"@type":"SearchAction","target":{"@type":"EntryPoint","urlTemplate":"https:\/\/thwellem.cdmn-data.de\/en\/?s={search_term_string}"},"query-input":{"@type":"PropertyValueSpecification","valueRequired":true,"valueName":"search_term_string"}}],"inLanguage":"en-US"},{"@type":"Organization","@id":"https:\/\/thwellem.cdmn-data.de\/en\/#organization","name":"The Wellem","url":"https:\/\/thwellem.cdmn-data.de\/en\/","logo":{"@type":"ImageObject","inLanguage":"en-US","@id":"https:\/\/thwellem.cdmn-data.de\/en\/#\/schema\/logo\/image\/","url":"https:\/\/thwellem.cdmn-data.de\/wp-content\/uploads\/2025\/04\/the-wellem-logo-blau.svg","contentUrl":"https:\/\/thwellem.cdmn-data.de\/wp-content\/uploads\/2025\/04\/the-wellem-logo-blau.svg","width":195,"height":62,"caption":"The Wellem"},"image":{"@id":"https:\/\/thwellem.cdmn-data.de\/en\/#\/schema\/logo\/image\/"},"sameAs":["https:\/\/www.facebook.com\/thewellemdusseldorf\/","https:\/\/www.instagram.com\/thewellem\/#","https:\/\/www.linkedin.com\/company\/the-wellem-duesseldorf\/"]}]}},"_links":{"self":[{"href":"https:\/\/thwellem.cdmn-data.de\/en\/wp-json\/wp\/v2\/pages\/6466","targetHints":{"allow":["GET"]}}],"collection":[{"href":"https:\/\/thwellem.cdmn-data.de\/en\/wp-json\/wp\/v2\/pages"}],"about":[{"href":"https:\/\/thwellem.cdmn-data.de\/en\/wp-json\/wp\/v2\/types\/page"}],"author":[{"embeddable":true,"href":"https:\/\/thwellem.cdmn-data.de\/en\/wp-json\/wp\/v2\/users\/1"}],"replies":[{"embeddable":true,"href":"https:\/\/thwellem.cdmn-data.de\/en\/wp-json\/wp\/v2\/comments?post=6466"}],"version-history":[{"count":7,"href":"https:\/\/thwellem.cdmn-data.de\/en\/wp-json\/wp\/v2\/pages\/6466\/revisions"}],"predecessor-version":[{"id":8669,"href":"https:\/\/thwellem.cdmn-data.de\/en\/wp-json\/wp\/v2\/pages\/6466\/revisions\/8669"}],"wp:attachment":[{"href":"https:\/\/thwellem.cdmn-data.de\/en\/wp-json\/wp\/v2\/media?parent=6466"}],"curies":[{"name":"wp","href":"https:\/\/api.w.org\/{rel}","templated":true}]}}